{"id":5,"date":"2020-11-10T16:30:02","date_gmt":"2020-11-10T15:30:02","guid":{"rendered":"http:\/\/www.2mrh.lu\/index.php\/one-page-express\/"},"modified":"2022-04-13T12:06:47","modified_gmt":"2022-04-13T10:06:47","slug":"one-page-express","status":"publish","type":"page","link":"https:\/\/www.2mrh.lu\/","title":{"rendered":"Front Page"},"content":{"rendered":"<div  id=\"nous-connaitre\" class=\"content-left-image-section\" style=\"background-color: #ffffff;\" data-label=\"Nous connaitre\" data-id=\"content-image-left\" data-category=\"content\">\n<div  class=\"gridContainer\">\n<div  class=\"row\">\n<div  class=\"content-left-image-imgcol\" data-type=\"column\">&nbsp;<img  class=\"alignnone size-medium wp-image-22\" src=\"http:\/\/www.2mrh.lu\/wp-content\/uploads\/2020\/11\/Chercheuse-de-talents-banniere.jpg\" sizes=\"(max-width: 300px) 100vw, 300px\" alt=\"\"><\/div>\n<div  class=\"content-left-image-textcol dynamic-color\" data-type=\"column\">\n<h2  class=\"\">Qui sommes-nous?<\/h2>\n<h3  class=\"\"><span  style=\"color: #8a0758;\"><strong >Martinez M\u00e9lissa<\/strong><\/span><\/h3>\n<p  class=\"large_text\">Fondatrice du cabinet de recrutement 2MRH.<\/p>\n<p  class=\"\">Apr\u00e8s plusieurs ann\u00e9es d\u2019exp\u00e9riences en tant que Chasseuse de t\u00eate et Commerciale, il \u00e9tait temps pour moi d\u2019ouvrir un cabinet \u00e0 mon image.<\/p>\n<p  class=\"\">Celui ci devait \u00eatre compos\u00e9 : d\u2019une base de professionnel avec une pointe de fun et de bonne humeur.<\/p>\n<h5  class=\"\">Cher clients, Cher talents, vous \u00eates notre priorit\u00e9 !<\/h5>\n<p  class=\"\">LinkedIn : <a  href=\"https:\/\/www.linkedin.com\/in\/m%C3%A9lissa-martinez\" class=\"\">Ici<\/a><\/p>\n<p  class=\"\">Facebook : <a  href=\"https:\/\/www.facebook.com\/2MRH.LU\" class=\"\">Ici<\/a><\/p>\n<\/div>\n<\/div>\n<\/div>\n<\/div><div  id=\"nous-contacter\" class=\"content-right-image-section\" style=\"background-color: #f6f6f6;\" data-label=\"nous contacter\" data-id=\"content-image-right\" data-category=\"content\">\n<div  class=\"gridContainer\">\n<div  class=\"content-right-image-gridcol\">\n<div  class=\"content-right-image-textcol dynamic-color\" data-type=\"column\">\n<h2  class=\"\">Nous contacter<\/h2>\n<p  class=\"large_text\"><span  style=\"color: #8a0758;\">Adresse :&nbsp;&nbsp;12 rue du ch\u00e2teau d\u2019eau L-3364 Leudelange<\/span><\/p>\n<p  class=\"\"><span  class=\"\" style=\"color: #8a0758;\">T\u00e9l : +352 661 464 709<\/span><\/p>\n<\/div>\n<div  class=\"content-right-image-imgcol\" data-type=\"column\"><img  class=\"\" src=\"http:\/\/www.2mrh.lu\/wp-content\/uploads\/2020\/11\/Sans-titre-1.jpg\"><\/div>\n<\/div>\n<\/div>\n<\/div><p ><\/p>","protected":false},"excerpt":{"rendered":"<p>&nbsp; Qui sommes-nous? Martinez M\u00e9lissa Fondatrice du cabinet de recrutement 2MRH. Apr\u00e8s plusieurs ann\u00e9es d\u2019exp\u00e9riences en tant que Chasseuse de t\u00eate et Commerciale, il \u00e9tait temps pour moi d\u2019ouvrir un cabinet \u00e0 mon image. Celui ci devait \u00eatre compos\u00e9 : d\u2019une base de professionnel avec une pointe de fun et de bonne humeur. Cher clients,&hellip; <br \/> <a class=\"button small blue\" href=\"https:\/\/www.2mrh.lu\/index.php\/2020\/11\/10\/bonjour-tout-le-monde\/\">Lire la suite<\/a><\/p>\n","protected":false},"author":1,"featured_media":0,"parent":0,"menu_order":0,"comment_status":"closed","ping_status":"closed","template":"","meta":[],"_links":{"self":[{"href":"https:\/\/www.2mrh.lu\/index.php\/wp-json\/wp\/v2\/pages\/5"}],"collection":[{"href":"https:\/\/www.2mrh.lu\/index.php\/wp-json\/wp\/v2\/pages"}],"about":[{"href":"https:\/\/www.2mrh.lu\/index.php\/wp-json\/wp\/v2\/types\/page"}],"author":[{"embeddable":true,"href":"https:\/\/www.2mrh.lu\/index.php\/wp-json\/wp\/v2\/users\/1"}],"replies":[{"embeddable":true,"href":"https:\/\/www.2mrh.lu\/index.php\/wp-json\/wp\/v2\/comments?post=5"}],"version-history":[{"count":12,"href":"https:\/\/www.2mrh.lu\/index.php\/wp-json\/wp\/v2\/pages\/5\/revisions"}],"predecessor-version":[{"id":82,"href":"https:\/\/www.2mrh.lu\/index.php\/wp-json\/wp\/v2\/pages\/5\/revisions\/82"}],"wp:attachment":[{"href":"https:\/\/www.2mrh.lu\/index.php\/wp-json\/wp\/v2\/media?parent=5"}],"curies":[{"name":"wp","href":"https:\/\/api.w.org\/{rel}","templated":true}]}}